{"id":3,"date":"2018-07-06T15:20:16","date_gmt":"2018-07-06T13:20:16","guid":{"rendered":"http:\/\/www.consonni.it\/?page_id=3"},"modified":"2018-07-18T22:09:19","modified_gmt":"2018-07-18T20:09:19","slug":"privacy-policy","status":"publish","type":"page","link":"https:\/\/www.consonni.it\/en\/privacy-policy\/","title":{"rendered":"Privacy Policy"},"content":{"rendered":"<p>[vc_row][vc_column][vc_empty_space][vc_column_text]<strong>INFORMATIVA SUL TRATTAMENTO DEI DATI PERSONALI<br \/>\nai sensi dell\u2019articolo 13 del Regolamento (UE) 2016\/679 <\/strong><\/p>\n<p><strong><u>Perch\u00e9 questa informativa<\/u><\/strong><\/p>\n<p>In questa pagina si descrivono le modalit\u00e0 di gestione del sito web di Consonni &amp; C. in riferimento al trattamento dei dati personali degli utenti che lo consultano (\u201cInteressati\u201d o anche \u201cUtenti\u201d). Si tratta di un\u2019informativa che \u00e8 resa ai sensi dell\u2019art. 13 del Regolamento europeo in materia di protezione dei dati personali\u00a0n. 2016\/679 (\u201cGDPR\u201d) a coloro che interagiscono con i servizi web dell\u2019Azienda.<\/p>\n<p>La presente informativa non riguarda altri siti, pagine o servizi online raggiungibili tramite link ipertestuali eventualmente pubblicati nel sito ma riferiti a risorse esterne al dominio di Consonni &amp; C.<\/p>\n<p><strong><u>Titolare del trattamento<\/u><\/strong><\/p>\n<p>A seguito della consultazione di questo sito possono essere trattati dati relativi a persone identificate o identificabili.\u00a0 Titolare del trattamento \u00e8 l\u2019Consonni &amp; C. Srl che ha sede in Via Rienti, 27 \u2013 22063 Cant\u00f9 Asnago (CO) \u2013 Italy (\u201cTitolare\u201d o anche \u201cAzienda\u201d).<\/p>\n<p><strong><u>Tipologia di dati, finalit\u00e0 e base giuridica del trattamento <\/u><\/strong><\/p>\n<p>A seguito della consultazione di questo sito possono essere trattati dati relativi a persone identificate o identificabili. Tali dati personali, sono generalmente di natura comune, poich\u00e9 consistono essenzialmente in elementi di identificazione e saranno trattati in conformit\u00e0 alle condizioni di liceit\u00e0 di cui all\u2019art. 6 lett. a) del GDPR. Tali dati, necessari per la fruizione del servizio web, vengono anche trattati allo scopo di:<\/p>\n<ul>\n<li>ottenere informazioni statistiche sull\u2019uso dei servizi (pagine pi\u00f9 visitate, numero di visitatori per fascia oraria o giornaliera, aree geografiche di provenienza, ecc.);<\/li>\n<li>controllare il corretto funzionamento dei servizi offerti.<\/li>\n<\/ul>\n<p>Il trattamento dei dati personali ha come base giuridica l\u2019interesse legittimo dell\u2019<span style=\"display: inline !important; float: none; background-color: transparent; color: #333333; cursor: text; font-family: 'Open Sans',Arial,Helvetica,sans-serif; font-size: 16px; font-style: normal; font-variant: normal; font-weight: 400; letter-spacing: normal; orphans: 2; text-align: left; text-decoration: none; text-indent: 0px; text-transform: none; -webkit-text-stroke-width: 0px; white-space: normal; word-spacing: 0px;\">Azienda<\/span> il cui scopo \u00e8 la necessit\u00e0 di dare corso alle espresse richieste degli utenti se effettuate tramite il sito.<\/p>\n<p><strong>Minori<\/strong><\/p>\n<p>Qualora l\u2019Utente abbia una et\u00e0 inferiore ai 16 anni, per il trattamento dei suoi dati sar\u00e0 necessario raccogliere l\u2019autorizzazione di colui che sia titolare della responsabilit\u00e0 genitoriale.<\/p>\n<p><strong><u>Dati di navigazione<\/u><\/strong><\/p>\n<p>I sistemi informatici e le procedure software preposte al funzionamento di questo sito acquisiscono, nel corso del loro normale esercizio, alcuni dati personali la cui trasmissione \u00e8 implicita nell\u2019uso dei protocolli di comunicazione di Internet.<\/p>\n<p>In questa categoria di dati rientrano gli indirizzi IP o i nomi a dominio dei computer e dei terminali utilizzati dagli utenti, gli indirizzi in notazione URI\/URL (Uniform Resource Identifier\/Locator) delle risorse richieste, l\u2019orario della richiesta, il metodo utilizzato nel sottoporre la richiesta al server, la dimensione del file ottenuto in risposta, il codice numerico indicante lo stato della risposta data dal server (buon fine, errore, ecc.) ed altri parametri relativi al sistema operativo e all\u2019ambiente informatico dell\u2019utente.<\/p>\n<p>I dati di navigazione non persistono per pi\u00f9 di sette giorni e vengono cancellati immediatamente dopo la loro aggregazione (salve eventuali necessit\u00e0 di accertamento di reati da parte dell\u2019Autorit\u00e0 giudiziaria).<\/p>\n<p><strong><u>Cookie e altri sistemi di tracciamento<\/u><\/strong><\/p>\n<p>Non viene fatto uso di cookie per la profilazione degli utenti, n\u00e9 vengono impiegati altri metodi di tracciamento.<\/p>\n<p>Viene invece fatto uso di cookie di sessione (non persistenti) in modo strettamente limitato a quanto necessario per la navigazione sicura ed efficiente dei siti. La memorizzazione dei cookie di sessione nei terminali o nei browser \u00e8 sotto il controllo dell\u2019utente, laddove sui server, al termine delle sessioni HTTP, informazioni relative ai cookie restano registrate nei log dei servizi, con tempi di conservazione comunque non superiori ai sette giorni al pari degli altri dati di navigazione.<\/p>\n<p><strong><u>Modalit\u00e0 del trattamento, conservazione e diffusione dei dati<\/u><\/strong><\/p>\n<p>Il trattamento sar\u00e0 svolto in forma automatizzata e manuale, con modalit\u00e0 e strumenti volti a garantire la massima sicurezza e riservatezza, ad opera di soggetti appositamente designati dal Titolare. I dati personali saranno conservati in una forma che consenta l\u2019identificazione dell\u2019Interessato per un periodo di tempo non superiore al conseguimento delle finalit\u00e0 per i quali i dati sono stati raccolti e trattati, e, comunque, non superiore a 24 mesi dalla raccolta. I dati raccolti non saranno oggetto di diffusione.<\/p>\n<p><strong><u>Destinatari dei dati e luogo di trattamento<\/u><\/strong><\/p>\n<p>Sono destinatari dei dati raccolti a seguito della consultazione dei siti sopra elencati i soggetti designati dall\u2019<span style=\"display: inline !important; float: none; background-color: transparent; color: #333333; cursor: text; font-family: 'Open Sans',Arial,Helvetica,sans-serif; font-size: 16px; font-style: normal; font-variant: normal; font-weight: 400; letter-spacing: normal; orphans: 2; text-align: left; text-decoration: none; text-indent: 0px; text-transform: none; -webkit-text-stroke-width: 0px; white-space: normal; word-spacing: 0px;\">Azienda<\/span>, ai sensi dell\u2019articolo 28 del Regolamento, quali responsabili del trattamento. I dati personali raccolti sono, altres\u00ec, trattati dal personale dell\u2019Azienda, che agisce sulla base di specifiche istruzioni fornite in ordine alle finalit\u00e0 e modalit\u00e0 del trattamento medesimo. I trattamenti dei dati hanno luogo presso la suddetta sede del Titolare.<\/p>\n<p><strong><u>Trasferimento dati verso un paese terzo e\/o un\u2019organizzazione internazionale e garanzie<\/u><\/strong><\/p>\n<p>I dati non saranno trasferiti all\u2019estero (all\u2019interno o all\u2019esterno dell\u2019Unione Europea). Tuttavia, alcuni soggetti terzi, fornitori di servizi, potrebbero avere i propri server collocati fisicamente all\u2019estero (come nel caso, ad esempio, di server provider). In tali eventualit\u00e0, il trasferimento di dati all\u2019estero avverr\u00e0 esclusivamente nell\u2019ambito e nel rispetto della normativa vigente.<\/p>\n<p><strong><u>Diritti degli interessati<\/u><\/strong><\/p>\n<p>L\u2019Interessato ha, in qualunque momento, il diritto di ottenere dall\u2019Azienda l\u2019accesso ai propri dati, per conoscere quali sono quelli di cui \u00e8 in possesso l\u2019Azienda stessa e come questi vengono utilizzati, di ottenerne l\u2019aggiornamento, la rettifica o, se vi \u00e8 interesse, l\u2019integrazione, la cancellazione, la trasformazione in forma anonima o la limitazione nonch\u00e9, in qualsiasi momento, revocare il consenso al trattamento dei dati (laddove rilasciato, per finalit\u00e0 di invio di materiale informativo, commerciale e pubblicitario). L\u2019Interessato pu\u00f2 proporre reclamo a un\u2019autorit\u00e0 di controllo, nel caso in cui ritenga che il trattamento dei dati personali violi le disposizioni del GDPR, fatto salvo ogni altro ricorso amministrativo o giurisdizionale.<\/p>\n<p>Le eventuali richieste vanno rivolte a: <strong>Consonni &amp; C. S.r.l,<\/strong>Via Rienti, 27 \u2013 22063 Cant\u00f9 Asnago (CO) \u2013 Italy &#8211; Tel. +39 031 706.393 e-mail: <a href=\"mailto:info@consonni.it\">info@consonni.it<\/a>[\/vc_column_text][vc_column_text]<\/p>\n<h3>Che cos\u2019\u00e8 un cookie?<\/h3>\n<p>I cookie sono piccole stringhe di testo scambiate tra un sito web e il browser di navigazione dell\u2019utente, ogni volta che si accede ad un sito Internet. Queste stringhe, che non contengono alcun codice eseguibile, sono utilizzate per differenti attivit\u00e0, quali eseguire autenticazioni automatiche, tenere traccia delle sessioni, memorizzare informazioni per migliorare la navigabilit\u00e0 del sito o l\u2019esperienza di navigazione dell\u2019utente. Ogni dominio visitato attraverso un browser pu\u00f2 impostare uno o pi\u00f9 cookies. Una pagina Internet pu\u00f2 contenere oggetti che provengono da molti domini diversi e ognuno di essi pu\u00f2 impostare dei cookie (in questo caso denominati \u201cdi terze parti\u201d). L\u2019utilizzo dei cookie consente di migliorare l\u2019esperienza di navigazione nel sito Web e pu\u00f2 mantenere le impostazioni scelte durante la Sua visita successiva.<\/p>\n<p>Per questo sito vengono utilizzati cookies analitici di terze parti (es. Google Analytics) che per il loro funzionamento utilizzano dei cookies, che chiameremo \u201canalytics\u201d.<\/p>\n<h4>Cookies analytics<\/h4>\n<p>I cookie analytics raccolgono informazioni sulle modalit\u00e0 di impiego del sito Web da parte dell\u2019utente. Ad esempio: quali pagine vengono visitate e gli errori che \u00e8 possibile riscontrare. Tali cookies sono ASSOLUTAMENTE ANONIMI e vengono utilizzati soltanto per aiutare questo sito a migliorare il funzionamento del suo sito Web e a comprendere gli interessi degli utenti. Questo sito utilizza i cookie Statistici per \u2013 Ottenere statistiche sulle modalit\u00e0 di utilizzo del suo sito Web. \u2013 Contribuire al miglioramento del sito Web grazie alla misurazione degli eventuali errori che si verificano.[\/vc_column_text][vc_empty_space][\/vc_column][\/vc_row]<\/p>\n","protected":false},"excerpt":{"rendered":"<p>[vc_row][vc_column][vc_empty_space][vc_column_text]INFORMATIVA SUL TRATTAMENTO DEI DATI PERSONALI ai sensi dell\u2019articolo 13 del Regolamento (UE) 2016\/679 Perch\u00e9 questa informativa In questa pagina si descrivono le modalit\u00e0 di gestione del sito web di Consonni &amp; C. in riferimento al trattamento dei dati personali degli utenti che lo consultano (\u201cInteressati\u201d o anche \u201cUtenti\u201d). Si tratta di un\u2019informativa che \u00e8 [&hellip;]<\/p>\n","protected":false},"author":1,"featured_media":0,"parent":0,"menu_order":0,"comment_status":"closed","ping_status":"open","template":"page-templates\/template-fullwidth.php","meta":[],"_links":{"self":[{"href":"https:\/\/www.consonni.it\/en\/wp-json\/wp\/v2\/pages\/3"}],"collection":[{"href":"https:\/\/www.consonni.it\/en\/wp-json\/wp\/v2\/pages"}],"about":[{"href":"https:\/\/www.consonni.it\/en\/wp-json\/wp\/v2\/types\/page"}],"author":[{"embeddable":true,"href":"https:\/\/www.consonni.it\/en\/wp-json\/wp\/v2\/users\/1"}],"replies":[{"embeddable":true,"href":"https:\/\/www.consonni.it\/en\/wp-json\/wp\/v2\/comments?post=3"}],"version-history":[{"count":2,"href":"https:\/\/www.consonni.it\/en\/wp-json\/wp\/v2\/pages\/3\/revisions"}],"predecessor-version":[{"id":1741,"href":"https:\/\/www.consonni.it\/en\/wp-json\/wp\/v2\/pages\/3\/revisions\/1741"}],"wp:attachment":[{"href":"https:\/\/www.consonni.it\/en\/wp-json\/wp\/v2\/media?parent=3"}],"curies":[{"name":"wp","href":"https:\/\/api.w.org\/{rel}","templated":true}]}}