{"id":1730,"date":"2018-07-18T21:48:17","date_gmt":"2018-07-18T19:48:17","guid":{"rendered":"http:\/\/www.consonni.it\/?page_id=1730"},"modified":"2018-11-07T00:00:47","modified_gmt":"2018-11-06T23:00:47","slug":"yachting","status":"publish","type":"page","link":"https:\/\/www.consonni.it\/en\/yachting\/","title":{"rendered":"Yachting"},"content":{"rendered":"<p>[vc_row fullwidth=&#8221;yes&#8221; css=&#8221;.vc_custom_1474447018555{background-position: 0 0 !important;background-repeat: no-repeat !important;}&#8221; el_class=&#8221;side-bg no-padding&#8221;][vc_column]\t<!-- Element: OT Quick Office -->\n\t<div class=\"side-bg\">\n\t\t<div class=\"image-container pull-left col-md-5\" style=\"background-image:url(https:\/\/www.consonni.it\/wp-content\/uploads\/2018\/07\/yacht-2.jpg); ?>\" data-delay=\"0\"><\/div>\n        <div class=\"container\">\n            <div class=\"row\">\n                <div class=\"inner-padding\">\n                    <div class=\"col-md-6 col-md-offset-6 wow fadeInRight\" data-wow-delay=\".2s\">\n                        <h2>A MONUMENTAL ACHIEVEMENT<\/h2><br\/>\n                        AT THE END OF THE 1980S WE BEGAN TO PRODUCE FURNITURE FOR YACHTS. OUR EXPERIENCE, GAINED THROUGH A SIGNIFICANT PRODUCTION OVER THE YEARS, HAS BECOME\u00a0INCREASINGLY REFINED AND WE\u2019VE SURPASSED AN DISTINGUISHED MILESTONE: THE FURNISHING OF OUR 1,000TH YACHT.<\/p>\n<p>L\u2019eccellenza Consonni \u00e8 qualit\u00e0 nella progettazione, nella scelta dei materiali, nella cura con la quale si eseguono tutti i dettagli. \u00c8, prima di tutto, ascolto, perch\u00e9 ogni Cliente ha esigenze uniche e particolari: farsi carico di un progetto significa capirne profondamente il senso, rispettarne le caratteristiche, proporre soluzioni, risolvere tutti i problemi che si incontrano nel corso delle varie fasi di realizzazione.                    <\/div>\n                    <div class=\"clearfix\"><\/div>\n                <\/div>\n            <\/div>\n        <\/div>\n\t<\/div>\n\n[\/vc_column][\/vc_row]<\/p>","protected":false},"excerpt":{"rendered":"<p>[vc_row fullwidth=&#8221;yes&#8221; css=&#8221;.vc_custom_1474447018555{background-position: 0 0 !important;background-repeat: no-repeat !important;}&#8221; el_class=&#8221;side-bg no-padding&#8221;][vc_column][\/vc_column][\/vc_row]<\/p>\n","protected":false},"author":1,"featured_media":0,"parent":0,"menu_order":0,"comment_status":"open","ping_status":"closed","template":"page-templates\/template-fullwidth.php","meta":[],"_links":{"self":[{"href":"https:\/\/www.consonni.it\/en\/wp-json\/wp\/v2\/pages\/1730"}],"collection":[{"href":"https:\/\/www.consonni.it\/en\/wp-json\/wp\/v2\/pages"}],"about":[{"href":"https:\/\/www.consonni.it\/en\/wp-json\/wp\/v2\/types\/page"}],"author":[{"embeddable":true,"href":"https:\/\/www.consonni.it\/en\/wp-json\/wp\/v2\/users\/1"}],"replies":[{"embeddable":true,"href":"https:\/\/www.consonni.it\/en\/wp-json\/wp\/v2\/comments?post=1730"}],"version-history":[{"count":6,"href":"https:\/\/www.consonni.it\/en\/wp-json\/wp\/v2\/pages\/1730\/revisions"}],"predecessor-version":[{"id":1893,"href":"https:\/\/www.consonni.it\/en\/wp-json\/wp\/v2\/pages\/1730\/revisions\/1893"}],"wp:attachment":[{"href":"https:\/\/www.consonni.it\/en\/wp-json\/wp\/v2\/media?parent=1730"}],"curies":[{"name":"wp","href":"https:\/\/api.w.org\/{rel}","templated":true}]}}